{"id":1435,"date":"2023-07-01T08:51:55","date_gmt":"2023-07-01T08:51:55","guid":{"rendered":"https:\/\/lmlac.org\/curacao\/"},"modified":"2023-12-21T04:13:25","modified_gmt":"2023-12-21T04:13:25","slug":"curacao","status":"publish","type":"page","link":"https:\/\/lmlac.org\/es\/curacao\/","title":{"rendered":"Curacao"},"content":{"rendered":"<div class=\"fusion-fullwidth fullwidth-box fusion-builder-row-1 fusion-flex-container has-pattern-background has-mask-background nonhundred-percent-fullwidth non-hundred-percent-height-scrolling\" style=\"--link_hover_color: #5f6ad3;--link_color: #5f6ad3;--awb-border-sizes-top:0px;--awb-border-sizes-bottom:0px;--awb-border-sizes-left:0px;--awb-border-sizes-right:0px;--awb-border-radius-top-left:0px;--awb-border-radius-top-right:0px;--awb-border-radius-bottom-right:0px;--awb-border-radius-bottom-left:0px;--awb-padding-top:100px;--awb-padding-right:30px;--awb-padding-bottom:100px;--awb-padding-left:30px;--awb-padding-top-small:45px;--awb-padding-bottom-small:45px;--awb-margin-top:0px;--awb-margin-bottom:0px;--awb-background-color:var(--awb-color1);--awb-flex-wrap:wrap;\" ><div class=\"fusion-builder-row fusion-row fusion-flex-align-items-flex-start fusion-flex-justify-content-center fusion-flex-content-wrap\" style=\"max-width:calc( 1170px + 60px );margin-left: calc(-60px \/ 2 );margin-right: calc(-60px \/ 2 );\"><div class=\"fusion-layout-column fusion_builder_column fusion-builder-column-0 fusion_builder_column_3_4 3_4 fusion-flex-column fusion-animated\" style=\"--awb-bg-size:cover;--awb-width-large:75%;--awb-margin-top-large:0px;--awb-spacing-right-large:30px;--awb-margin-bottom-large:60px;--awb-spacing-left-large:30px;--awb-width-medium:75%;--awb-order-medium:0;--awb-spacing-right-medium:30px;--awb-spacing-left-medium:30px;--awb-width-small:100%;--awb-order-small:1;--awb-spacing-right-small:30px;--awb-spacing-left-small:30px;\" data-animationType=\"fadeInDown\" data-animationDuration=\"1.3\" data-animationOffset=\"top-into-view\"><div class=\"fusion-column-wrapper fusion-column-has-shadow fusion-flex-justify-content-flex-start fusion-content-layout-column\"><div class=\"fusion-text fusion-text-1\" style=\"--awb-content-alignment:center;--awb-font-size:22px;--awb-line-height:1.7;--awb-letter-spacing:0px;--awb-text-transform:var(--awb-typography4-text-transform);--awb-text-color:var(--awb-color4);--awb-text-font-family:&quot;Raleway&quot;;--awb-text-font-style:normal;--awb-text-font-weight:400;\"><p>\u00a1Aseg\u00farate de no perderte!<\/p>\n<\/div><div class=\"fusion-title title fusion-title-1 fusion-sep-none fusion-title-center fusion-title-text fusion-title-size-one\" style=\"--awb-text-color:var(--awb-color4);--awb-margin-bottom:0px;--awb-margin-top-small:10px;--awb-margin-bottom-small:10px;--awb-font-size:60px;\"><h1 class=\"fusion-title-heading title-heading-center\" style=\"font-family:&quot;Montserrat&quot;;font-style:normal;font-weight:500;margin:0;text-transform:var(--awb-typography1-text-transform);font-size:1em;line-height:1.2;\">\u00a1LOS LUGARES M\u00c1S HERMOSOS DE CURAZAO!<\/h1><\/div><\/div><\/div><div class=\"fusion-layout-column fusion_builder_column fusion-builder-column-1 fusion_builder_column_1_1 1_1 fusion-flex-column\" style=\"--awb-bg-size:cover;--awb-width-large:100%;--awb-margin-top-large:0px;--awb-spacing-right-large:30px;--awb-margin-bottom-large:20px;--awb-spacing-left-large:30px;--awb-width-medium:100%;--awb-order-medium:0;--awb-spacing-right-medium:30px;--awb-spacing-left-medium:30px;--awb-width-small:100%;--awb-order-small:0;--awb-spacing-right-small:30px;--awb-spacing-left-small:30px;\"><div class=\"fusion-column-wrapper fusion-column-has-shadow fusion-flex-justify-content-flex-start fusion-content-layout-column\"><div class=\"fusion-separator fusion-full-width-sep\" style=\"align-self: center;margin-left: auto;margin-right: auto;width:100%;\"><div class=\"fusion-separator-border sep-single\" style=\"--awb-height:20px;--awb-amount:20px;border-color:hsla(var(--awb-color8-h),var(--awb-color8-s),var(--awb-color8-l),calc( var(--awb-color8-a) - 88% ));border-top-width:0px;\"><\/div><\/div><\/div><\/div><div class=\"fusion-layout-column fusion_builder_column fusion-builder-column-2 fusion_builder_column_1_2 1_2 fusion-flex-column fusion-animated\" style=\"--awb-bg-size:cover;--awb-width-large:50%;--awb-margin-top-large:0px;--awb-spacing-right-large:calc( 0.04 * calc( 100% - 60px ) );--awb-margin-bottom-large:0px;--awb-spacing-left-large:30px;--awb-width-medium:50%;--awb-order-medium:0;--awb-spacing-right-medium:calc( 0.04 * calc( 100% - 60px ) );--awb-spacing-left-medium:30px;--awb-width-small:100%;--awb-order-small:2;--awb-spacing-right-small:30px;--awb-margin-bottom-small:50px;--awb-spacing-left-small:30px;\" data-animationType=\"fadeInUp\" data-animationDuration=\"1.3\" data-animationOffset=\"top-into-view\"><div class=\"fusion-column-wrapper fusion-column-has-shadow fusion-flex-justify-content-flex-start fusion-content-layout-column\"><div class=\"fusion-image-element \" style=\"--awb-margin-bottom:60px;--awb-caption-title-color:#ffffff;--awb-caption-overlay-color:#351b0b;--awb-caption-title-font-family:&quot;DM Sans&quot;;--awb-caption-title-font-weight:500;--awb-caption-title-font-style:normal;--awb-caption-title-size:var(--h2_typography-font-size);--awb-caption-title-transform:none;--awb-caption-title-line-height:var(--h2_typography-line-height);--awb-caption-title-letter-spacing:var(--h2_typography-letter-spacing);\"><span class=\" fusion-imageframe imageframe-none imageframe-1 hover-type-none\" style=\"border-radius:3px;\"><img decoding=\"async\" width=\"600\" height=\"800\" title=\"Seri Otrobanda Stairs by Avantia Damberg\" src=\"https:\/\/lmlac.org\/wp-content\/uploads\/2023\/08\/Otrobanda-stairs.png\" data-orig-src=\"https:\/\/lmlac.org\/wp-content\/uploads\/2023\/08\/Otrobanda-stairs.png\" alt class=\"lazyload img-responsive wp-image-1405\" srcset=\"data:image\/svg+xml,%3Csvg%20xmlns%3D%27http%3A%2F%2Fwww.w3.org%2F2000%2Fsvg%27%20width%3D%27600%27%20height%3D%27800%27%20viewBox%3D%270%200%20600%20800%27%3E%3Crect%20width%3D%27600%27%20height%3D%27800%27%20fill-opacity%3D%220%22%2F%3E%3C%2Fsvg%3E\" data-srcset=\"https:\/\/lmlac.org\/wp-content\/uploads\/2023\/08\/Otrobanda-stairs-200x267.png 200w, https:\/\/lmlac.org\/wp-content\/uploads\/2023\/08\/Otrobanda-stairs-400x533.png 400w, https:\/\/lmlac.org\/wp-content\/uploads\/2023\/08\/Otrobanda-stairs.png 600w\" data-sizes=\"auto\" data-orig-sizes=\"(max-width: 1024px) 100vw, (max-width: 640px) 100vw, 600px\" \/><\/span><\/div><div class=\"fusion-text fusion-text-2\" style=\"--awb-font-size:22px;--awb-line-height:1.7;--awb-letter-spacing:0px;--awb-text-transform:var(--awb-typography4-text-transform);--awb-text-color:var(--awb-color4);--awb-text-font-family:&quot;Raleway&quot;;--awb-text-font-style:normal;--awb-text-font-weight:400;\"><p>Listos para dar un paseo despu\u00e9s de la conferencia? \u00a1Scharloo, Otrobanda y Pietermaai son tres \u00e1reas hermosas para visitar! Coloridas, seguras y c\u00e9ntricas. Especialmente en Pietermaai, encontrar\u00e1s todo tipo de restaurantes.<\/p>\n<\/div><\/div><\/div><div class=\"fusion-layout-column fusion_builder_column fusion-builder-column-3 fusion_builder_column_1_2 1_2 fusion-flex-column fusion-animated\" style=\"--awb-bg-size:cover;--awb-width-large:50%;--awb-margin-top-large:0px;--awb-spacing-right-large:30px;--awb-margin-bottom-large:0px;--awb-spacing-left-large:calc( 0.04 * calc( 100% - 60px ) );--awb-width-medium:50%;--awb-order-medium:0;--awb-spacing-right-medium:30px;--awb-spacing-left-medium:calc( 0.04 * calc( 100% - 60px ) );--awb-width-small:100%;--awb-order-small:3;--awb-spacing-right-small:30px;--awb-margin-bottom-small:50px;--awb-spacing-left-small:30px;\" data-animationType=\"fadeInUp\" data-animationDuration=\"1.3\" data-animationOffset=\"top-into-view\"><div class=\"fusion-column-wrapper fusion-column-has-shadow fusion-flex-justify-content-flex-start fusion-content-layout-column\"><div class=\"fusion-image-element \" style=\"text-align:center;--awb-margin-bottom:60px;--awb-caption-overlay-color:#d3ac89;--awb-caption-title-font-family:var(--h2_typography-font-family);--awb-caption-title-font-weight:var(--h2_typography-font-weight);--awb-caption-title-font-style:var(--h2_typography-font-style);--awb-caption-title-size:var(--h2_typography-font-size);--awb-caption-title-transform:var(--h2_typography-text-transform);--awb-caption-title-line-height:var(--h2_typography-line-height);--awb-caption-title-letter-spacing:var(--h2_typography-letter-spacing);\"><span class=\" fusion-imageframe imageframe-none imageframe-2 hover-type-none\" style=\"border-radius:3px;\"><img decoding=\"async\" width=\"500\" height=\"345\" title=\"Kura Hulanda Village Otrobanda Curacao\" src=\"https:\/\/lmlac.org\/wp-content\/uploads\/2023\/08\/Hulanda-Village-Otrobanda-Curacao-1.png\" data-orig-src=\"https:\/\/lmlac.org\/wp-content\/uploads\/2023\/08\/Hulanda-Village-Otrobanda-Curacao-1.png\" alt class=\"lazyload img-responsive wp-image-1410\" srcset=\"data:image\/svg+xml,%3Csvg%20xmlns%3D%27http%3A%2F%2Fwww.w3.org%2F2000%2Fsvg%27%20width%3D%27500%27%20height%3D%27345%27%20viewBox%3D%270%200%20500%20345%27%3E%3Crect%20width%3D%27500%27%20height%3D%27345%27%20fill-opacity%3D%220%22%2F%3E%3C%2Fsvg%3E\" data-srcset=\"https:\/\/lmlac.org\/wp-content\/uploads\/2023\/08\/Hulanda-Village-Otrobanda-Curacao-1-200x138.png 200w, https:\/\/lmlac.org\/wp-content\/uploads\/2023\/08\/Hulanda-Village-Otrobanda-Curacao-1-400x276.png 400w, https:\/\/lmlac.org\/wp-content\/uploads\/2023\/08\/Hulanda-Village-Otrobanda-Curacao-1.png 500w\" data-sizes=\"auto\" data-orig-sizes=\"(max-width: 1024px) 100vw, (max-width: 640px) 100vw, 500px\" \/><\/span><\/div><div class=\"fusion-image-element \" style=\"text-align:center;--awb-margin-bottom:0px;--awb-caption-overlay-color:#d3ac89;--awb-caption-title-font-family:var(--h2_typography-font-family);--awb-caption-title-font-weight:var(--h2_typography-font-weight);--awb-caption-title-font-style:var(--h2_typography-font-style);--awb-caption-title-size:var(--h2_typography-font-size);--awb-caption-title-transform:var(--h2_typography-text-transform);--awb-caption-title-line-height:var(--h2_typography-line-height);--awb-caption-title-letter-spacing:var(--h2_typography-letter-spacing);\"><span class=\" fusion-imageframe imageframe-none imageframe-3 hover-type-none\" style=\"border-radius:3px;\"><img decoding=\"async\" width=\"500\" height=\"345\" title=\"Swinging Old Lady Curacao\" src=\"https:\/\/lmlac.org\/wp-content\/uploads\/2023\/08\/Swinging-old-lady-Curacao-1.png\" data-orig-src=\"https:\/\/lmlac.org\/wp-content\/uploads\/2023\/08\/Swinging-old-lady-Curacao-1.png\" alt class=\"lazyload img-responsive wp-image-1411\" srcset=\"data:image\/svg+xml,%3Csvg%20xmlns%3D%27http%3A%2F%2Fwww.w3.org%2F2000%2Fsvg%27%20width%3D%27500%27%20height%3D%27345%27%20viewBox%3D%270%200%20500%20345%27%3E%3Crect%20width%3D%27500%27%20height%3D%27345%27%20fill-opacity%3D%220%22%2F%3E%3C%2Fsvg%3E\" data-srcset=\"https:\/\/lmlac.org\/wp-content\/uploads\/2023\/08\/Swinging-old-lady-Curacao-1-200x138.png 200w, https:\/\/lmlac.org\/wp-content\/uploads\/2023\/08\/Swinging-old-lady-Curacao-1-400x276.png 400w, https:\/\/lmlac.org\/wp-content\/uploads\/2023\/08\/Swinging-old-lady-Curacao-1.png 500w\" data-sizes=\"auto\" data-orig-sizes=\"(max-width: 1024px) 100vw, (max-width: 640px) 100vw, 500px\" \/><\/span><\/div><\/div><\/div><\/div><\/div>\n","protected":false},"excerpt":{"rendered":"","protected":false},"author":1,"featured_media":0,"parent":0,"menu_order":0,"comment_status":"closed","ping_status":"closed","template":"100-width.php","meta":{"footnotes":""},"class_list":["post-1435","page","type-page","status-publish","hentry"],"_links":{"self":[{"href":"https:\/\/lmlac.org\/es\/wp-json\/wp\/v2\/pages\/1435","targetHints":{"allow":["GET"]}}],"collection":[{"href":"https:\/\/lmlac.org\/es\/wp-json\/wp\/v2\/pages"}],"about":[{"href":"https:\/\/lmlac.org\/es\/wp-json\/wp\/v2\/types\/page"}],"author":[{"embeddable":true,"href":"https:\/\/lmlac.org\/es\/wp-json\/wp\/v2\/users\/1"}],"replies":[{"embeddable":true,"href":"https:\/\/lmlac.org\/es\/wp-json\/wp\/v2\/comments?post=1435"}],"version-history":[{"count":1,"href":"https:\/\/lmlac.org\/es\/wp-json\/wp\/v2\/pages\/1435\/revisions"}],"predecessor-version":[{"id":1441,"href":"https:\/\/lmlac.org\/es\/wp-json\/wp\/v2\/pages\/1435\/revisions\/1441"}],"wp:attachment":[{"href":"https:\/\/lmlac.org\/es\/wp-json\/wp\/v2\/media?parent=1435"}],"curies":[{"name":"wp","href":"https:\/\/api.w.org\/{rel}","templated":true}]}}