{"id":1453,"date":"2023-07-10T08:52:10","date_gmt":"2023-07-10T08:52:10","guid":{"rendered":"https:\/\/lmlac.org\/registration\/"},"modified":"2023-12-21T06:29:04","modified_gmt":"2023-12-21T06:29:04","slug":"registration","status":"publish","type":"page","link":"https:\/\/lmlac.org\/es\/registration\/","title":{"rendered":"Registration"},"content":{"rendered":"<div class=\"fusion-fullwidth fullwidth-box fusion-builder-row-1 fusion-flex-container has-pattern-background has-mask-background nonhundred-percent-fullwidth non-hundred-percent-height-scrolling\" style=\"--link_hover_color: #d21e36;--link_color: #d21e36;--awb-border-sizes-top:0px;--awb-border-sizes-bottom:0px;--awb-border-sizes-left:0px;--awb-border-sizes-right:0px;--awb-border-color:#d1d1d1;--awb-border-radius-top-left:0px;--awb-border-radius-top-right:0px;--awb-border-radius-bottom-right:0px;--awb-border-radius-bottom-left:0px;--awb-padding-top:100px;--awb-padding-right:30px;--awb-padding-bottom:100px;--awb-padding-left:30px;--awb-padding-top-medium:60px;--awb-padding-bottom-medium:60px;--awb-padding-top-small:50px;--awb-padding-right-small:50px;--awb-padding-bottom-small:50px;--awb-padding-left-small:50px;--awb-margin-top:0px;--awb-margin-bottom:0px;--awb-background-color:#ffffff;--awb-flex-wrap:wrap;\" ><div class=\"fusion-builder-row fusion-row fusion-flex-align-items-stretch fusion-flex-content-wrap\" style=\"max-width:1216.8px;margin-left: calc(-4% \/ 2 );margin-right: calc(-4% \/ 2 );\"><div class=\"fusion-layout-column fusion_builder_column fusion-builder-column-0 fusion_builder_column_2_5 2_5 fusion-flex-column fusion-flex-align-self-center fusion-animated\" style=\"--awb-bg-size:cover;--awb-width-large:40%;--awb-margin-top-large:0px;--awb-spacing-right-large:12%;--awb-margin-bottom-large:100px;--awb-spacing-left-large:4.8%;--awb-width-medium:50%;--awb-order-medium:0;--awb-spacing-right-medium:9.6%;--awb-margin-bottom-medium:60px;--awb-spacing-left-medium:3.84%;--awb-width-small:100%;--awb-order-small:1;--awb-spacing-right-small:1.92%;--awb-spacing-left-small:1.92%;\" data-animationType=\"fadeInLeft\" data-animationDuration=\"1.3\" data-animationOffset=\"top-into-view\"><div class=\"fusion-column-wrapper fusion-column-has-shadow fusion-flex-justify-content-flex-start fusion-content-layout-column\"><div class=\"fusion-title title fusion-title-1 fusion-sep-none fusion-title-text fusion-title-size-two\" style=\"--awb-text-color:var(--awb-color4);--awb-margin-top:10px;--awb-margin-bottom:30px;--awb-margin-top-small:10px;--awb-margin-bottom-small:10px;--awb-sep-color:#d1d1d1;--awb-font-size:55px;\"><h2 class=\"fusion-title-heading title-heading-left\" style=\"font-family:-apple-system, BlinkMacSystemFont, &#039;Segoe UI&#039;, Roboto, Oxygen-Sans, Ubuntu, Cantarell, &#039;Helvetica Neue&#039; ,sans-serif;font-style:normal;font-weight:400;margin:0;letter-spacing:-1px;text-transform:var(--awb-typography1-text-transform);font-size:1em;line-height:1.2;\">BOLETOS<\/h2><\/div><div class=\"fusion-text fusion-text-1 fusion-text-no-margin\" style=\"--awb-font-size:18px;--awb-line-height:1.7;--awb-letter-spacing:0px;--awb-text-transform:var(--awb-typography4-text-transform);--awb-text-color:rgba(2,63,121,0.7);--awb-text-font-family:&quot;Roboto&quot;;--awb-text-font-style:normal;--awb-text-font-weight:400;\"><p><span style=\"font-weight: 400;\">Disponemos de un n\u00famero limitado de boletos para asistir a la conferencia completa, para aquellos que deseen participar en vivo durante los 3 d\u00edas completos de la conferencia. Debido a la cantidad limitada de asientos, contamos con su presencia los 3 d\u00edas completos al registrarse para este boleto.<\/span><\/p>\n<p>Tambi\u00e9n se podr\u00e1 asistir a la conferencia mediante Pay per View.<\/p>\n<\/div><\/div><\/div><div class=\"fusion-layout-column fusion_builder_column fusion-builder-column-1 fusion_builder_column_3_5 3_5 fusion-flex-column fusion-animated\" style=\"--awb-bg-size:cover;--awb-width-large:60%;--awb-margin-top-large:0px;--awb-spacing-right-large:3.2%;--awb-margin-bottom-large:75px;--awb-spacing-left-large:6.4%;--awb-width-medium:50%;--awb-order-medium:1;--awb-spacing-right-medium:3.84%;--awb-spacing-left-medium:7.68%;--awb-width-small:100%;--awb-order-small:0;--awb-spacing-right-small:1.92%;--awb-margin-bottom-small:36px;--awb-spacing-left-small:1.92%;\" data-animationType=\"fadeIn\" data-animationDuration=\"1.3\" data-animationOffset=\"top-into-view\"><div class=\"fusion-column-wrapper fusion-column-has-shadow fusion-flex-justify-content-flex-start fusion-content-layout-column\"><div class=\"fusion-image-element \" style=\"--awb-caption-title-color:#ffffff;--awb-caption-text-color:#ffffff;--awb-caption-text-size:16px;--awb-caption-text-transform:var(--awb-typography5-text-transform);--awb-caption-text-line-height:1.7;--awb-caption-text-letter-spacing:0px;--awb-caption-border-color:#ffffff;--awb-caption-overlay-color:var(--awb-color4);--awb-caption-title-font-family:-apple-system, BlinkMacSystemFont, &#039;Segoe UI&#039;, Roboto, Oxygen-Sans, Ubuntu, Cantarell, &#039;Helvetica Neue&#039; ,sans-serif;--awb-caption-title-font-weight:400;--awb-caption-title-font-style:normal;--awb-caption-title-size:34px;--awb-caption-title-transform:var(--awb-typography1-text-transform);--awb-caption-title-line-height:1.2;--awb-caption-title-letter-spacing:-1px;--awb-caption-text-font-family:-apple-system, BlinkMacSystemFont, &#039;Segoe UI&#039;, Roboto, Oxygen-Sans, Ubuntu, Cantarell, &#039;Helvetica Neue&#039; ,sans-serif;--awb-caption-text-font-style:normal;--awb-caption-text-font-weight:400;\"><span class=\" fusion-imageframe imageframe-none imageframe-1 awb-imageframe-style awb-imageframe-style-resa\" style=\"border-radius:4px;\"><img decoding=\"async\" width=\"512\" height=\"340\" title=\"CBCS auditorium\" src=\"https:\/\/lmlac.org\/wp-content\/uploads\/2023\/07\/CBCS-auditorium.jpg\" data-orig-src=\"https:\/\/lmlac.org\/wp-content\/uploads\/2023\/07\/CBCS-auditorium.jpg\" alt class=\"lazyload img-responsive wp-image-1377\" srcset=\"data:image\/svg+xml,%3Csvg%20xmlns%3D%27http%3A%2F%2Fwww.w3.org%2F2000%2Fsvg%27%20width%3D%27512%27%20height%3D%27340%27%20viewBox%3D%270%200%20512%20340%27%3E%3Crect%20width%3D%27512%27%20height%3D%27340%27%20fill-opacity%3D%220%22%2F%3E%3C%2Fsvg%3E\" data-srcset=\"https:\/\/lmlac.org\/wp-content\/uploads\/2023\/07\/CBCS-auditorium-200x133.jpg 200w, https:\/\/lmlac.org\/wp-content\/uploads\/2023\/07\/CBCS-auditorium-400x266.jpg 400w, https:\/\/lmlac.org\/wp-content\/uploads\/2023\/07\/CBCS-auditorium.jpg 512w\" data-sizes=\"auto\" data-orig-sizes=\"(max-width: 1024px) 100vw, (max-width: 640px) 100vw, 512px\" \/><div class=\"awb-imageframe-caption-container\"><div class=\"awb-imageframe-caption\"><h2 class=\"awb-imageframe-caption-title\">Auditorium<\/h2><p class=\"awb-imageframe-caption-text\">Central Bank Curacao &amp; Sint Maarten<\/p><\/div><\/div><\/span><\/div><\/div><\/div><div class=\"fusion-layout-column fusion_builder_column fusion-builder-column-2 fusion_builder_column_1_3 1_3 fusion-flex-column fusion-column-inner-bg-wrapper fusion-animated\" style=\"--awb-padding-top:70px;--awb-padding-right:50px;--awb-padding-bottom:70px;--awb-padding-left:50px;--awb-padding-top-medium:50px;--awb-padding-bottom-medium:50px;--awb-overflow:hidden;--awb-inner-bg-color:#f7f7f4;--awb-inner-bg-color-hover:#f7f7f4;--awb-inner-bg-size:cover;--awb-border-radius:4px 4px 4px 4px;--awb-inner-bg-border-radius:4px 4px 4px 4px;--awb-inner-bg-overflow:hidden;--awb-width-large:33.333333333333%;--awb-margin-top-large:0px;--awb-spacing-right-large:5.76%;--awb-margin-bottom-large:0px;--awb-spacing-left-large:5.76%;--awb-width-medium:33.333333333333%;--awb-order-medium:3;--awb-spacing-right-medium:5.76%;--awb-margin-bottom-medium:40px;--awb-spacing-left-medium:5.76%;--awb-width-small:100%;--awb-order-small:1;--awb-spacing-right-small:1.92%;--awb-margin-bottom-small:40px;--awb-spacing-left-small:1.92%;\" data-animationType=\"fadeInUp\" data-animationDuration=\"1.3\" data-animationOffset=\"top-into-view\" data-scroll-devices=\"small-visibility,medium-visibility,large-visibility\"><span class=\"fusion-column-inner-bg hover-type-none\"><a class=\"fusion-column-anchor\" href=\"http:\/\/www.cxpay.events\/lmlac\" rel=\"noopener noreferrer\" target=\"_blank\" aria-label=\"Register here\"><span class=\"fusion-column-inner-bg-image\"><\/span><\/a><\/span><div class=\"fusion-column-wrapper fusion-column-has-shadow fusion-flex-justify-content-flex-start fusion-content-layout-column\"><i class=\"fb-icon-element-1 fb-icon-element fontawesome-icon charity-map-marker circle-no\" style=\"--awb-iconcolor:#023e77;--awb-iconcolor-hover:#023e77;--awb-font-size:30px;--awb-align-self:center;--awb-margin-top:0px;--awb-margin-right:0px;--awb-margin-bottom:15px;--awb-margin-left:0px;\"><\/i><div class=\"fusion-title title fusion-title-2 fusion-sep-none fusion-title-center fusion-title-text fusion-title-size-four\" style=\"--awb-text-color:var(--awb-color4);--awb-margin-top:10px;--awb-margin-bottom:15px;--awb-margin-top-small:10px;--awb-margin-bottom-small:10px;--awb-sep-color:#d1d1d1;--awb-font-size:24px;\"><h4 class=\"fusion-title-heading title-heading-center\" style=\"font-family:-apple-system, BlinkMacSystemFont, &#039;Segoe UI&#039;, Roboto, Oxygen-Sans, Ubuntu, Cantarell, &#039;Helvetica Neue&#039; ,sans-serif;font-style:normal;font-weight:400;margin:0;letter-spacing:-1px;text-transform:var(--awb-typography1-text-transform);font-size:1em;line-height:1.2;\">BOLETOS DE CONFERENCIA<\/h4><\/div><div class=\"fusion-text fusion-text-2 fusion-text-no-margin\" style=\"--awb-content-alignment:left;--awb-font-size:18px;--awb-line-height:1.7;--awb-letter-spacing:0px;--awb-text-transform:var(--awb-typography4-text-transform);--awb-text-color:var(--awb-color4);--awb-text-font-family:-apple-system, BlinkMacSystemFont, &#039;Segoe UI&#039;, Roboto, Oxygen-Sans, Ubuntu, Cantarell, &#039;Helvetica Neue&#039; ,sans-serif;--awb-text-font-style:normal;--awb-text-font-weight:400;\"><ul>\n<li>Plazas limitadas disponibles<\/li>\n<li>Lugar: Banco Central de Curazao y San Mart\u00edn (Willemstad, Curazao)<\/li>\n<li>Incluye almuerzo y descansos<\/li>\n<li>Incluye Recepci\u00f3n de Bienvenida el 22 de febrero<\/li>\n<li>Inversi\u00f3n USD 300 en total por 3 d\u00edas (precio early bird USD 150 disponible hasta el 1 de diciembre del &#8217;23)<\/li>\n<li>Registro a trav\u00e9s de\u00a0<a href=\"http:\/\/www.cxpay.events\/lmlac\" target=\"_blank\" rel=\"noopener\">CXPAY<\/a><\/li>\n<\/ul>\n<\/div><\/div><\/div><div class=\"fusion-layout-column fusion_builder_column fusion-builder-column-3 fusion_builder_column_1_3 1_3 fusion-flex-column fusion-animated\" style=\"--awb-padding-top:70px;--awb-padding-right:50px;--awb-padding-bottom:70px;--awb-padding-left:50px;--awb-padding-top-medium:50px;--awb-padding-bottom-medium:50px;--awb-overflow:hidden;--awb-bg-image:linear-gradient(180deg, rgba(2,63,121,0.4) 40%,#023e77 77%);;--awb-bg-position:center center;--awb-bg-size:cover;--awb-border-radius:4px 4px 4px 4px;--awb-width-large:33.333333333333%;--awb-margin-top-large:0px;--awb-spacing-right-large:5.76%;--awb-margin-bottom-large:0px;--awb-spacing-left-large:5.76%;--awb-width-medium:33.333333333333%;--awb-order-medium:3;--awb-spacing-right-medium:5.76%;--awb-margin-bottom-medium:40px;--awb-spacing-left-medium:5.76%;--awb-width-small:100%;--awb-order-small:1;--awb-spacing-right-small:1.92%;--awb-margin-bottom-small:40px;--awb-spacing-left-small:1.92%;\" data-animationType=\"fadeInUp\" data-animationDuration=\"1.3\" data-animationOffset=\"top-into-view\"><div class=\"fusion-column-wrapper lazyload fusion-column-has-shadow fusion-flex-justify-content-flex-start fusion-content-layout-column fusion-column-has-bg-image\" data-bg-url=\"https:\/\/lmlac.org\/wp-content\/uploads\/2016\/08\/183.jpg\" data-bg=\"https:\/\/lmlac.org\/wp-content\/uploads\/2016\/08\/183.jpg\" data-bg-gradient=\"linear-gradient(180deg, rgba(2,63,121,0.4) 40%,#023e77 77%)\"><i class=\"fb-icon-element-2 fb-icon-element fontawesome-icon charity-map-marker circle-no\" style=\"--awb-iconcolor:#ffffff;--awb-iconcolor-hover:#ffffff;--awb-font-size:30px;--awb-align-self:center;--awb-margin-top:0px;--awb-margin-right:0px;--awb-margin-bottom:15px;--awb-margin-left:0px;\"><\/i><div class=\"fusion-title title fusion-title-3 fusion-sep-none fusion-title-center fusion-title-text fusion-title-size-four\" style=\"--awb-text-color:#ffffff;--awb-margin-top:10px;--awb-margin-bottom:15px;--awb-margin-top-small:10px;--awb-margin-bottom-small:10px;--awb-sep-color:#d1d1d1;--awb-font-size:24px;\"><h4 class=\"fusion-title-heading title-heading-center\" style=\"font-family:-apple-system, BlinkMacSystemFont, &#039;Segoe UI&#039;, Roboto, Oxygen-Sans, Ubuntu, Cantarell, &#039;Helvetica Neue&#039; ,sans-serif;font-style:normal;font-weight:400;margin:0;letter-spacing:-1px;text-transform:var(--awb-typography1-text-transform);font-size:1em;line-height:1.2;\">BOLETOS DE SESI\u00d3N<\/h4><\/div><div class=\"fusion-text fusion-text-3 fusion-text-no-margin\" style=\"--awb-content-alignment:left;--awb-font-size:18px;--awb-line-height:1.7;--awb-letter-spacing:0px;--awb-text-transform:var(--awb-typography4-text-transform);--awb-text-color:rgba(255,255,255,0.73);--awb-text-font-family:-apple-system, BlinkMacSystemFont, &#039;Segoe UI&#039;, Roboto, Oxygen-Sans, Ubuntu, Cantarell, &#039;Helvetica Neue&#039; ,sans-serif;--awb-text-font-style:normal;--awb-text-font-weight:400;\"><ul>\n<li>Transmisi\u00f3n en vivo desde la ubicaci\u00f3n del evento al Sal\u00f3n de Baile del Hotel Marriott (Willemstad, Curazao)<\/li>\n<li style=\"text-align: left;\">Incluye pausa para caf\u00e9<\/li>\n<li>Inversi\u00f3n ANG 50 por sesi\u00f3n (las sesiones 3 y 4 se consideran como 1 sesi\u00f3n)<\/li>\n<li>Solo para residentes locales<\/li>\n<li>Las sesiones estar\u00e1n acreditadas por NASKHO<\/li>\n<li>Registro disponible a trav\u00e9s de <a href=\"http:\/\/www.cxpay.events\/lmlac\" target=\"_blank\" rel=\"noopener\">CXPAY<\/a> (pr\u00f3ximamente, \u00faltima actualizaci\u00f3n el 14 de septiembre del &#8217;23)<\/li>\n<\/ul>\n<\/div><\/div><\/div><div class=\"fusion-layout-column fusion_builder_column fusion-builder-column-4 fusion_builder_column_1_3 1_3 fusion-flex-column fusion-animated\" style=\"--awb-padding-top:70px;--awb-padding-right:50px;--awb-padding-bottom:70px;--awb-padding-left:50px;--awb-padding-top-medium:50px;--awb-padding-bottom-medium:50px;--awb-overflow:hidden;--awb-bg-color:#023e77;--awb-bg-color-hover:#023e77;--awb-bg-size:cover;--awb-border-radius:4px 4px 4px 4px;--awb-width-large:33.333333333333%;--awb-margin-top-large:0px;--awb-spacing-right-large:5.76%;--awb-margin-bottom-large:0px;--awb-spacing-left-large:5.76%;--awb-width-medium:33.333333333333%;--awb-order-medium:3;--awb-spacing-right-medium:5.76%;--awb-margin-bottom-medium:40px;--awb-spacing-left-medium:5.76%;--awb-width-small:100%;--awb-order-small:1;--awb-spacing-right-small:1.92%;--awb-margin-bottom-small:40px;--awb-spacing-left-small:1.92%;\" data-animationType=\"fadeInUp\" data-animationDuration=\"1.3\" data-animationOffset=\"top-into-view\"><div class=\"fusion-column-wrapper fusion-column-has-shadow fusion-flex-justify-content-flex-start fusion-content-layout-column\"><i class=\"fb-icon-element-3 fb-icon-element fontawesome-icon charity-map-marker circle-no\" style=\"--awb-iconcolor:#ffffff;--awb-iconcolor-hover:#ffffff;--awb-font-size:30px;--awb-align-self:center;--awb-margin-top:0px;--awb-margin-right:0px;--awb-margin-bottom:15px;--awb-margin-left:0px;\"><\/i><div class=\"fusion-title title fusion-title-4 fusion-sep-none fusion-title-center fusion-title-text fusion-title-size-four\" style=\"--awb-text-color:#ffffff;--awb-margin-top:10px;--awb-margin-bottom:15px;--awb-margin-top-small:10px;--awb-margin-bottom-small:10px;--awb-sep-color:#d1d1d1;--awb-font-size:24px;\"><h4 class=\"fusion-title-heading title-heading-center\" style=\"font-family:-apple-system, BlinkMacSystemFont, &#039;Segoe UI&#039;, Roboto, Oxygen-Sans, Ubuntu, Cantarell, &#039;Helvetica Neue&#039; ,sans-serif;font-style:normal;font-weight:400;margin:0;letter-spacing:-1px;text-transform:var(--awb-typography1-text-transform);font-size:1em;line-height:1.2;\">NASKHO<\/h4><\/div><div class=\"fusion-text fusion-text-4 fusion-text-no-margin\" style=\"--awb-content-alignment:center;--awb-font-size:18px;--awb-line-height:1.7;--awb-letter-spacing:0px;--awb-text-transform:var(--awb-typography4-text-transform);--awb-text-color:rgba(255,255,255,0.73);--awb-text-font-family:&quot;Roboto&quot;;--awb-text-font-style:normal;--awb-text-font-weight:400;\"><p>Las sesiones en el Marriott estar\u00e1n acreditadas por NASKHO, la Fundaci\u00f3n Holando-Caribe\u00f1a para la Educaci\u00f3n Superior Cl\u00ednica.<\/p>\n<p><img decoding=\"async\" class=\"lazyload alignnone size-full wp-image-1059\" src=\"https:\/\/lmlac.org\/wp-content\/uploads\/2023\/07\/NASKHO-transparent-original-002_400.jpg\" data-orig-src=\"https:\/\/lmlac.org\/wp-content\/uploads\/2023\/07\/NASKHO-transparent-original-002_400.jpg\" alt=\"\" width=\"400\" height=\"137\" srcset=\"data:image\/svg+xml,%3Csvg%20xmlns%3D%27http%3A%2F%2Fwww.w3.org%2F2000%2Fsvg%27%20width%3D%27400%27%20height%3D%27137%27%20viewBox%3D%270%200%20400%20137%27%3E%3Crect%20width%3D%27400%27%20height%3D%27137%27%20fill-opacity%3D%220%22%2F%3E%3C%2Fsvg%3E\" data-srcset=\"https:\/\/lmlac.org\/wp-content\/uploads\/2023\/07\/NASKHO-transparent-original-002_400-200x69.jpg 200w, https:\/\/lmlac.org\/wp-content\/uploads\/2023\/07\/NASKHO-transparent-original-002_400-300x103.jpg 300w, https:\/\/lmlac.org\/wp-content\/uploads\/2023\/07\/NASKHO-transparent-original-002_400.jpg 400w\" data-sizes=\"auto\" data-orig-sizes=\"(max-width: 400px) 100vw, 400px\" \/><\/p>\n<\/div><\/div><\/div><\/div><\/div>\n","protected":false},"excerpt":{"rendered":"","protected":false},"author":1,"featured_media":0,"parent":0,"menu_order":0,"comment_status":"closed","ping_status":"closed","template":"100-width.php","meta":{"footnotes":""},"class_list":["post-1453","page","type-page","status-publish","hentry"],"_links":{"self":[{"href":"https:\/\/lmlac.org\/es\/wp-json\/wp\/v2\/pages\/1453","targetHints":{"allow":["GET"]}}],"collection":[{"href":"https:\/\/lmlac.org\/es\/wp-json\/wp\/v2\/pages"}],"about":[{"href":"https:\/\/lmlac.org\/es\/wp-json\/wp\/v2\/types\/page"}],"author":[{"embeddable":true,"href":"https:\/\/lmlac.org\/es\/wp-json\/wp\/v2\/users\/1"}],"replies":[{"embeddable":true,"href":"https:\/\/lmlac.org\/es\/wp-json\/wp\/v2\/comments?post=1453"}],"version-history":[{"count":3,"href":"https:\/\/lmlac.org\/es\/wp-json\/wp\/v2\/pages\/1453\/revisions"}],"predecessor-version":[{"id":1456,"href":"https:\/\/lmlac.org\/es\/wp-json\/wp\/v2\/pages\/1453\/revisions\/1456"}],"wp:attachment":[{"href":"https:\/\/lmlac.org\/es\/wp-json\/wp\/v2\/media?parent=1453"}],"curies":[{"name":"wp","href":"https:\/\/api.w.org\/{rel}","templated":true}]}}